{"id":86,"date":"2017-01-25T18:55:09","date_gmt":"2017-01-25T18:55:09","guid":{"rendered":"http:\/\/jayenjoy.de\/?page_id=86"},"modified":"2024-06-30T22:06:13","modified_gmt":"2024-06-30T20:06:13","slug":"partner","status":"publish","type":"page","link":"https:\/\/jayenjoy.de\/?page_id=86","title":{"rendered":"Unsere Kooperationen"},"content":{"rendered":"<p style=\"background: white; margin: 0cm 0cm 18.0pt 0cm;\"><span style=\"font-family: 'Helvetica',sans-serif; color: #222222;\">Reformschule<\/span><\/p>\n<p style=\"background: white; margin: 0cm 0cm 18.0pt 0cm;\"><span style=\"font-family: 'Helvetica',sans-serif; color: #222222;\">Fridtjof Nansen Schule<\/span><\/p>\n<p style=\"background: white; margin: 0cm 0cm 18.0pt 0cm;\"><span style=\"font-family: 'Helvetica',sans-serif; color: #222222;\">Offene Schule Waldau<\/span><\/p>\n<p style=\"background: white; margin: 0cm 0cm 18.0pt 0cm;\"><span style=\"font-family: 'Helvetica',sans-serif; color: #222222;\">Grundschule Waldau<\/span><\/p>\n<p style=\"background: white; margin: 0cm 0cm 18.0pt 0cm;\"><span style=\"font-family: 'Helvetica',sans-serif; color: #222222;\">Grundschule Eichwald<\/span><\/p>\n<p style=\"background: white; margin: 0cm 0cm 18.0pt 0cm;\"><span style=\"font-family: 'Helvetica',sans-serif; color: #222222;\">Valentin Traudt Schule<\/span><\/p>\n<p style=\"background: white; margin: 0cm 0cm 18.0pt 0cm;\"><span style=\"font-family: 'Helvetica',sans-serif; color: #222222;\">Carl Schomburg Schule<\/span><\/p>\n<p>Losseschule<\/p>\n<p>Schule am Lindenberg<\/p>\n<p>Johann Amos Comenius Schule<\/p>\n<p>Grundschule am K\u00f6nigstor<\/p>\n<p>Br\u00fcckenhofschule<\/p>\n<p>Auefeldschule<\/p>\n<p>KiTa Kleiner B\u00e4r<\/p>\n<p>KiTa Nordstern<\/p>\n<p>Familienzentrum Nordstadt<\/p>\n<p style=\"background: white; margin: 0cm 0cm 18.0pt 0cm;\"><span style=\"font-family: 'Helvetica',sans-serif; color: #222222;\">Au\u00dferdem Schulaustattungsprogramm \u201eSchap\u201c:<\/span><\/p>\n<p style=\"background: white; margin: 0cm 0cm 18.0pt 0cm;\"><span style=\"font-family: 'Helvetica',sans-serif; color: #222222;\">Sie erhalten durch die Schule Rabatt auf Instrumente und Zubeh\u00f6r www.session.de.<\/span><\/p>\n<p>Unser gemeinn\u00fctziger Verein &#8222;MusicAndDance e.V.&#8220; f\u00f6rdert und Unterst\u00fctzt musikalische sowie t\u00e4nzerische Projekte.<\/p>\n<p style=\"background: white; margin: 0cm 0cm 18.0pt 0cm;\"><span style=\"font-family: 'Helvetica',sans-serif; color: #222222;\"><span style=\"text-decoration: underline;\">\u201eKids-love-music\u201c<\/span> wir unterst\u00fctzen die musikalische F\u00f6rderung Kinder benachteiligter Eltern. <\/span><\/p>\n","protected":false},"excerpt":{"rendered":"<p>Reformschule Fridtjof Nansen Schule Offene Schule Waldau Grundschule Waldau Grundschule Eichwald Valentin Traudt Schule Carl Schomburg Schule Losseschule Schule am Lindenberg Johann Amos Comenius Schule Grundschule am K\u00f6nigstor Br\u00fcckenhofschule Auefeldschule KiTa Kleiner B\u00e4r KiTa Nordstern Familienzentrum Nordstadt Au\u00dferdem Schulaustattungsprogramm \u201eSchap\u201c:&#8230;<\/p>\n","protected":false},"author":1,"featured_media":0,"parent":0,"menu_order":0,"comment_status":"closed","ping_status":"closed","template":"","meta":[],"_links":{"self":[{"href":"https:\/\/jayenjoy.de\/index.php?rest_route=\/wp\/v2\/pages\/86"}],"collection":[{"href":"https:\/\/jayenjoy.de\/index.php?rest_route=\/wp\/v2\/pages"}],"about":[{"href":"https:\/\/jayenjoy.de\/index.php?rest_route=\/wp\/v2\/types\/page"}],"author":[{"embeddable":true,"href":"https:\/\/jayenjoy.de\/index.php?rest_route=\/wp\/v2\/users\/1"}],"replies":[{"embeddable":true,"href":"https:\/\/jayenjoy.de\/index.php?rest_route=%2Fwp%2Fv2%2Fcomments&post=86"}],"version-history":[{"count":6,"href":"https:\/\/jayenjoy.de\/index.php?rest_route=\/wp\/v2\/pages\/86\/revisions"}],"predecessor-version":[{"id":549,"href":"https:\/\/jayenjoy.de\/index.php?rest_route=\/wp\/v2\/pages\/86\/revisions\/549"}],"wp:attachment":[{"href":"https:\/\/jayenjoy.de\/index.php?rest_route=%2Fwp%2Fv2%2Fmedia&parent=86"}],"curies":[{"name":"wp","href":"https:\/\/api.w.org\/{rel}","templated":true}]}}