{"id":379,"date":"2017-09-23T19:05:28","date_gmt":"2017-09-23T19:05:28","guid":{"rendered":"http:\/\/jayenjoy.de\/?page_id=379"},"modified":"2024-06-30T22:47:27","modified_gmt":"2024-06-30T20:47:27","slug":"das-sind-wir","status":"publish","type":"page","link":"https:\/\/jayenjoy.de\/?page_id=379","title":{"rendered":"Das sind wir"},"content":{"rendered":"<p>Die Musikschule ENjoy wurde 2009 gegr\u00fcndet.<\/p>\n<p>2013 wurde sie vergr\u00f6\u00dfert und die verschiedene Bereiche wurden durch unz\u00e4hlige Weiterbildungen und diplomierten Fachlehrkr\u00e4fte ausgebaut und erg\u00e4nzt um der gro\u00dfen Nachfrage gerecht zu werden, sodass daraus \u201eENjoy Zentrum \u2013 Musikschule, Tanzschule und Fitness\u201c entstand.<\/p>\n<p>Mittlerweile k\u00f6nnen wir uns gl\u00fccklich sch\u00e4tzen in unserem Team erfahrene Lehrkr\u00e4fte zu haben die mit viel Engagement und Leidenschaft musikalisch und t\u00e4nzerisch unsere zahlreichen Sch\u00fcler\/innen jedes Alters ausbilden.<\/p>\n<p>In unserer Musikschule bieten wir Unterricht f\u00fcr die unterschiedlichsten Bed\u00fcrfnisse an.<\/p>\n<p>Von Pop, Rock bis Klassik \u2013 Jeder Bereich wird von unseren Fachexperten abgedeckt.<\/p>\n<p>Da wir gepr\u00fcftes Mitglied des Bundes deutscher freier Musikschulen (BdfM) sind, ist Ihnen die hohe Qualit\u00e4t unseres Unterrichts garantiert.<\/p>\n<p><u>Ihre Vorteile bei uns:<\/u><\/p>\n<ul>\n<li>Keine Knebelvertr\u00e4ge \u2013 unsere Vertr\u00e4ge sind monatlich k\u00fcndbar!<\/li>\n<li>Sie m\u00f6chten sich vertraglich gar nicht binden? Wir bieten auch Music Cards an.<\/li>\n<li>Auf Wunsch werden Sie von uns zu Hause unterrichtet<\/li>\n<li>Dank unserer Kooperation mit \u201eKids love music\u201c werden Kinder und Jugendliche finanziell benachteiligter Eltern gef\u00f6rdert. Fragen Sie bei uns nach oder informieren Sie sich auf <a href=\"http:\/\/www.kids-love-music.de\">kids-love-music.de<\/a><\/li>\n<li>Dank des gemeinn\u00fctzigen Vereins &#8222;MusicAndDance e.V.&#8220; habt ihr die M\u00f6glichkeit an verschiedenen musikalische sowie t\u00e4nzerische Projekte teilzunehmen<\/li>\n<li>Unterricht in moderner gem\u00fctlicher Atmosph\u00e4re<\/li>\n<li>Unterricht mit hochwertigen, neuen Instrumenten<\/li>\n<li>Auf Wunsch Instrumentenverleih<\/li>\n<li>Durch die Schule bekommen sie Rabatt auf Instrumente und Zubeh\u00f6r auf www.session.de<\/li>\n<li>Bandcoaching<\/li>\n<li>Unsere ausgebildete Therapieh\u00fcndin &#8222;Luna&#8220; begleitet dich auf Wunsch zu deinem Unterricht<\/li>\n<\/ul>\n","protected":false},"excerpt":{"rendered":"<p>Die Musikschule ENjoy wurde 2009 gegr\u00fcndet. 2013 wurde sie vergr\u00f6\u00dfert und die verschiedene Bereiche wurden durch unz\u00e4hlige Weiterbildungen und diplomierten Fachlehrkr\u00e4fte ausgebaut und erg\u00e4nzt um der gro\u00dfen Nachfrage gerecht zu werden, sodass daraus \u201eENjoy Zentrum \u2013 Musikschule, Tanzschule und Fitness\u201c&#8230;<\/p>\n","protected":false},"author":1,"featured_media":0,"parent":0,"menu_order":0,"comment_status":"closed","ping_status":"closed","template":"","meta":[],"_links":{"self":[{"href":"https:\/\/jayenjoy.de\/index.php?rest_route=\/wp\/v2\/pages\/379"}],"collection":[{"href":"https:\/\/jayenjoy.de\/index.php?rest_route=\/wp\/v2\/pages"}],"about":[{"href":"https:\/\/jayenjoy.de\/index.php?rest_route=\/wp\/v2\/types\/page"}],"author":[{"embeddable":true,"href":"https:\/\/jayenjoy.de\/index.php?rest_route=\/wp\/v2\/users\/1"}],"replies":[{"embeddable":true,"href":"https:\/\/jayenjoy.de\/index.php?rest_route=%2Fwp%2Fv2%2Fcomments&post=379"}],"version-history":[{"count":5,"href":"https:\/\/jayenjoy.de\/index.php?rest_route=\/wp\/v2\/pages\/379\/revisions"}],"predecessor-version":[{"id":556,"href":"https:\/\/jayenjoy.de\/index.php?rest_route=\/wp\/v2\/pages\/379\/revisions\/556"}],"wp:attachment":[{"href":"https:\/\/jayenjoy.de\/index.php?rest_route=%2Fwp%2Fv2%2Fmedia&parent=379"}],"curies":[{"name":"wp","href":"https:\/\/api.w.org\/{rel}","templated":true}]}}