{"id":183,"date":"2017-08-07T09:48:08","date_gmt":"2017-08-07T09:48:08","guid":{"rendered":"http:\/\/jayenjoy.de\/?page_id=183"},"modified":"2017-09-21T09:41:23","modified_gmt":"2017-09-21T09:41:23","slug":"referenzen","status":"publish","type":"page","link":"https:\/\/jayenjoy.de\/?page_id=183","title":{"rendered":"Referenzen"},"content":{"rendered":"<div><strong><span style=\"text-decoration: underline;\">Was unsere Kunden \u00fcber uns sagen:<\/span><\/strong><\/div>\n<div><\/div>\n<table>\n<tbody>\n<tr>\n<td>&#8222;ENjoy ist tanzen und Spa\u00df haben in einem.<\/p>\n<p>ENjoy ist VIELSEITIG und ABWECHSLUNGSREICH.<\/p>\n<p>ENjoy ist offen f\u00fcr jede Altersklassen :)&#8220;<\/td>\n<td><\/td>\n<td>&#8222;ENjoy ist der Ort an den man den Alltag vergessen<\/p>\n<p>kann und sich darauf freut, nette Leute wiederzusehen<\/p>\n<p>und mit ihnen, beim Tanzen und Sport machen,<\/p>\n<p>viel Spa\u00df zu haben!&#8220;<\/td>\n<\/tr>\n<tr>\n<td>Nicole, 39<\/td>\n<td><\/td>\n<td>Rebecca, 46<\/td>\n<\/tr>\n<\/tbody>\n<\/table>\n<p>&nbsp;<\/p>\n<p>&nbsp;<\/p>\n<div><strong>Referenzen unserer Partner:<\/strong><\/div>\n<div><div id=\"n2-ss-2-align\" class=\"n2-ss-align\"><div class=\"n2-padding\"><div id=\"n2-ss-2\" data-creator=\"Smart Slider 3\" class=\"n2-ss-slider n2-ow n2-has-hover n2notransition n2-ss-load-fade \" data-minFontSizedesktopPortrait=\"4\" data-minFontSizedesktopLandscape=\"4\" data-minFontSizetabletPortrait=\"4\" data-minFontSizetabletLandscape=\"4\" data-minFontSizemobilePortrait=\"4\" data-minFontSizemobileLandscape=\"4\" style=\"font-size: 16px;\" data-fontsize=\"16\">\r\n        <div class=\"n2-ss-slider-1 n2-ss-swipe-element n2-ow\" style=\"\">\r\n                        <div class=\"n2-ss-slider-2 n2-ow\">\r\n                                <div class=\"n2-ss-slider-3 n2-ow\" style=\"\">\r\n\r\n                    <div class=\"n2-ss-slide-backgrounds\"><\/div><div data-first=\"1\" data-slide-duration=\"0\" data-id=\"4\" style=\"\" class=\"n2-ss-slide n2-ss-canvas n2-ow  n2-ss-slide-4\"><div data-hash=\"e3189295e9e5bfe1b070e6aeefc885cc\" data-desktop=\"\/\/jayenjoy.de\/wp-content\/uploads\/2017\/08\/Referenz2.jpg\" class=\"n2-ss-slide-background n2-ow\" data-opacity=\"1\" data-blur=\"0\" data-mode=\"fill\" data-x=\"50\" data-y=\"50\"><div class=\"n2-ss-slide-background-mask\" style=\"\"><img title=\"\" src=\"\/\/jayenjoy.de\/wp-content\/uploads\/2017\/08\/Referenz2.jpg\" alt=\"\" \/><\/div><\/div><div class=\"n2-ss-layers-container n2-ow\" data-csstextalign=\"center\" style=\"\"><\/div><\/div><div data-slide-duration=\"0\" data-id=\"5\" style=\"\" class=\"n2-ss-slide n2-ss-canvas n2-ow  n2-ss-slide-5\"><div data-hash=\"379ee3f7872dd15ec931f34e8c3bd3c4\" data-desktop=\"\/\/jayenjoy.de\/wp-content\/uploads\/2017\/08\/Referenz1.jpg\" class=\"n2-ss-slide-background n2-ow\" data-opacity=\"1\" data-blur=\"0\" data-mode=\"fill\" data-x=\"50\" data-y=\"50\"><div class=\"n2-ss-slide-background-mask\" style=\"\"><img title=\"\" src=\"\/\/jayenjoy.de\/wp-content\/uploads\/2017\/08\/Referenz1.jpg\" alt=\"\" \/><\/div><\/div><div class=\"n2-ss-layers-container n2-ow\" data-csstextalign=\"center\" style=\"\"><\/div><\/div>                <\/div>\r\n            <\/div>\r\n            <div data-ssleft=\"0+15\" data-sstop=\"height\/2-previousheight\/2\" id=\"n2-ss-2-arrow-previous\" class=\"n2-ss-widget n2-ss-widget-display-desktop n2-ss-widget-display-tablet n2-ss-widget-display-mobile n2-ss-widget-display-hover nextend-arrow n2-ow nextend-arrow-previous  nextend-arrow-animated-fade n2-ib\" style=\"position: absolute;\" role=\"button\" aria-label=\"Previous slide\" tabindex=\"0\"><img class=\"n2-ow\" data-no-lazy=\"1\" data-hack=\"data-lazy-src\" src=\"data:image\/svg+xml;base64,PHN2ZyB3aWR0aD0iMzIiIGhlaWdodD0iMzIiIHZpZXdCb3g9IjAgMCAzMiAzMiIgeG1sbnM9Imh0dHA6Ly93d3cudzMub3JnLzIwMDAvc3ZnIj48cGF0aCBkPSJNMTEuNDMzIDE1Ljk5MkwyMi42OSA1LjcxMmMuMzkzLS4zOS4zOTMtMS4wMyAwLTEuNDItLjM5My0uMzktMS4wMy0uMzktMS40MjMgMGwtMTEuOTggMTAuOTRjLS4yMS4yMS0uMy40OS0uMjg1Ljc2LS4wMTUuMjguMDc1LjU2LjI4NC43N2wxMS45OCAxMC45NGMuMzkzLjM5IDEuMDMuMzkgMS40MjQgMCAuMzkzLS40LjM5My0xLjAzIDAtMS40MmwtMTEuMjU3LTEwLjI5IiBmaWxsPSIjZmZmZmZmIiBvcGFjaXR5PSIwLjgiIGZpbGwtcnVsZT0iZXZlbm9kZCIvPjwvc3ZnPg==\" alt=\"previous arrow\" \/><\/div>\n<div data-ssright=\"0+15\" data-sstop=\"height\/2-nextheight\/2\" id=\"n2-ss-2-arrow-next\" class=\"n2-ss-widget n2-ss-widget-display-desktop n2-ss-widget-display-tablet n2-ss-widget-display-mobile n2-ss-widget-display-hover nextend-arrow n2-ow nextend-arrow-next  nextend-arrow-animated-fade n2-ib\" style=\"position: absolute;\" role=\"button\" aria-label=\"Next slide\" tabindex=\"0\"><img class=\"n2-ow\" data-no-lazy=\"1\" data-hack=\"data-lazy-src\" src=\"data:image\/svg+xml;base64,PHN2ZyB3aWR0aD0iMzIiIGhlaWdodD0iMzIiIHZpZXdCb3g9IjAgMCAzMiAzMiIgeG1sbnM9Imh0dHA6Ly93d3cudzMub3JnLzIwMDAvc3ZnIj48cGF0aCBkPSJNMTAuNzIyIDQuMjkzYy0uMzk0LS4zOS0xLjAzMi0uMzktMS40MjcgMC0uMzkzLjM5LS4zOTMgMS4wMyAwIDEuNDJsMTEuMjgzIDEwLjI4LTExLjI4MyAxMC4yOWMtLjM5My4zOS0uMzkzIDEuMDIgMCAxLjQyLjM5NS4zOSAxLjAzMy4zOSAxLjQyNyAwbDEyLjAwNy0xMC45NGMuMjEtLjIxLjMtLjQ5LjI4NC0uNzcuMDE0LS4yNy0uMDc2LS41NS0uMjg2LS43NkwxMC43MiA0LjI5M3oiIGZpbGw9IiNmZmZmZmYiIG9wYWNpdHk9IjAuOCIgZmlsbC1ydWxlPSJldmVub2RkIi8+PC9zdmc+\" alt=\"next arrow\" \/><\/div>\n        <\/div>\r\n        <\/div><div class=\"n2-clear\"><\/div><div id=\"n2-ss-2-spinner\" style=\"display: none;\"><div><div class=\"n2-ss-spinner-simple-white-container\"><div class=\"n2-ss-spinner-simple-white\"><\/div><\/div><\/div><\/div><\/div><\/div><div id=\"n2-ss-2-placeholder\" style=\"position: relative;z-index:2;color:RGBA(0,0,0,0);max-height:3000px;\"><img style=\"width: 100%; max-width:3000px; display: block;\" class=\"n2-ow\" src=\"data:image\/svg+xml;base64,PHN2ZyB4bWxucz0iaHR0cDovL3d3dy53My5vcmcvMjAwMC9zdmciIHZlcnNpb249IjEuMCIgd2lkdGg9IjEwMDAiIGhlaWdodD0iMTYwMCIgPjwvc3ZnPg==\" alt=\"Slider\" \/><\/div><\/div>\n","protected":false},"excerpt":{"rendered":"<p>Was unsere Kunden \u00fcber uns sagen: &#8222;ENjoy ist tanzen und Spa\u00df haben in einem. ENjoy ist VIELSEITIG und ABWECHSLUNGSREICH. ENjoy ist offen f\u00fcr jede Altersklassen :)&#8220; &#8222;ENjoy ist der Ort an den man den Alltag vergessen kann und sich darauf&#8230;<\/p>\n","protected":false},"author":1,"featured_media":0,"parent":0,"menu_order":0,"comment_status":"closed","ping_status":"closed","template":"","meta":[],"_links":{"self":[{"href":"https:\/\/jayenjoy.de\/index.php?rest_route=\/wp\/v2\/pages\/183"}],"collection":[{"href":"https:\/\/jayenjoy.de\/index.php?rest_route=\/wp\/v2\/pages"}],"about":[{"href":"https:\/\/jayenjoy.de\/index.php?rest_route=\/wp\/v2\/types\/page"}],"author":[{"embeddable":true,"href":"https:\/\/jayenjoy.de\/index.php?rest_route=\/wp\/v2\/users\/1"}],"replies":[{"embeddable":true,"href":"https:\/\/jayenjoy.de\/index.php?rest_route=%2Fwp%2Fv2%2Fcomments&post=183"}],"version-history":[{"count":11,"href":"https:\/\/jayenjoy.de\/index.php?rest_route=\/wp\/v2\/pages\/183\/revisions"}],"predecessor-version":[{"id":223,"href":"https:\/\/jayenjoy.de\/index.php?rest_route=\/wp\/v2\/pages\/183\/revisions\/223"}],"wp:attachment":[{"href":"https:\/\/jayenjoy.de\/index.php?rest_route=%2Fwp%2Fv2%2Fmedia&parent=183"}],"curies":[{"name":"wp","href":"https:\/\/api.w.org\/{rel}","templated":true}]}}